{"id":175,"date":"2023-06-22T21:18:35","date_gmt":"2023-06-22T21:18:35","guid":{"rendered":"https:\/\/asainstitut.ba\/asa-institute-research-development-innovation\/"},"modified":"2025-09-15T13:49:30","modified_gmt":"2025-09-15T13:49:30","slug":"asa-institute-research-development-innovation","status":"publish","type":"page","link":"https:\/\/asainstitut.ba\/bs\/","title":{"rendered":"ASA Institut: Istra\u017eivanje &#8211; Razvoj &#8211; Inovacija"},"content":{"rendered":"<div class=\"wpb-content-wrapper\"><p>[vc_row][vc_column][tm_heading style=&#8221;thick-separator&#8221; custom_google_font=&#8221;&#8221; google_fonts=&#8221;font_family:Montserrat%3Aregular%2C700|font_style:400%20regular%3A400%3Anormal&#8221; align=&#8221;center&#8221; text_color=&#8221;primary&#8221; animation=&#8221;none&#8221; text=&#8221;Projekti &amp; Novosti&#8221; font_size=&#8221;sm:28;md:30;lg:33&#8221;][tm_spacer size=&#8221;lg:25&#8221;][vc_basic_grid post_type=&#8221;post&#8221; max_items=&#8221;6&#8221; item=&#8221;644&#8221; grid_id=&#8221;vc_gid:1757944147279-4c259c80-a05e-3&#8221;][\/vc_column][\/vc_row][vc_row disable_element=&#8221;yes&#8221; lg_spacing=&#8221;margin_top:-70&#8221;][vc_column][tm_spacer size=&#8221;lg:25&#8221;][tm_button style=&#8221;modern&#8221; size=&#8221;custom&#8221; button=&#8221;url:https%3A%2F%2Fasainstitut.ba%2Fbs%2Fo-asa-institutu%2F|title:Vi%C5%A1e%20o%20nama&#8221; align=&#8221;center&#8221; color=&#8221;custom&#8221; button_bg_color=&#8221;custom&#8221; font_color=&#8221;secondary&#8221; button_border_color=&#8221;custom&#8221; button_icon_color=&#8221;&#8221; button_bg_color_hover=&#8221;secondary&#8221; font_color_hover=&#8221;custom&#8221; button_border_color_hover=&#8221;secondary&#8221; button_icon_color_hover=&#8221;&#8221; width=&#8221;184&#8221; border_width=&#8221;2&#8221; custom_button_bg_color=&#8221;#ffffff&#8221; custom_button_border_color=&#8221;#eeeeee&#8221; custom_font_color_hover=&#8221;#ffffff&#8221; height=&#8221;70&#8221;][tm_spacer size=&#8221;lg:25&#8221;][\/vc_column][\/vc_row][vc_row full_width=&#8221;stretch_row_content&#8221; equal_height=&#8221;yes&#8221; background_color=&#8221;secondary&#8221; lg_spacing=&#8221;margin_top:36&#8221; el_id=&#8221;concept&#8221;][vc_column width=&#8221;1\/2&#8221; background_image=&#8221;826&#8221;][tm_spacer size=&#8221;lg:400&#8221;][\/vc_column][vc_column width=&#8221;1\/2&#8221; max_width=&#8221;100%&#8221; lg_spacing=&#8221;padding_right:25;padding_left:25&#8221;][tm_spacer size=&#8221;sm:30;lg:50&#8221;][tm_heading custom_google_font=&#8221;&#8221; google_fonts=&#8221;font_family:Montserrat%3Aregular%2C700|font_style:400%20regular%3A400%3Anormal&#8221; text_color=&#8221;custom&#8221; custom_text_color=&#8221;#ffffff&#8221; animation=&#8221;none&#8221; text=&#8221;Koncept ASA Instituta&#8221; font_size=&#8221;sm:28;md:30;lg:33&#8221;][tm_spacer size=&#8221;lg:40&#8221;][tm_list list_style=&#8221;check&#8221; title_color=&#8221;custom&#8221; custom_title_color=&#8221;rgba(255,255,255,0.75)&#8221; animation=&#8221;none&#8221; columns=&#8221;xs:1;lg:1&#8221; items=&#8221;%5B%7B%22item_title%22%3A%22Klju%C4%8Dni%20koncept%20ASA%20Instituta%20je%20da%20slu%C5%BEi%20kao%20glavna%20istra%C5%BEiva%C4%8Dka%20i%20razvojna%20ustanova%20u%20ASA%20bolnici%20i%20za%20cijelu%20ASA%20grupaciju.%22%7D%2C%7B%22item_title%22%3A%22Objekat%20je%20dizajniran%20da%20spozna%20novu%20kulturu%20istra%C5%BEivanja%20i%20razvoja%2C%20sa%20karakteristikama%20koje%20olak%C5%A1avaju%20me%C4%91uodjelsku%20komunikaciju%20izme%C4%91u%20istra%C5%BEiva%C4%8Da%2C%20lije%C4%8Dnika%20i%20poduzetnika.%20Institut%20je%20dizajniran%20za%20sveobuhvatno%20istra%C5%BEivanje%2C%20razvoj%2C%20tehnologiju%20i%20preduzetni%C5%A1tvo.%20Kada%20je%20to%20prikladno%2C%20RDC%20sara%C4%91uje%20sa%20relevantnim%20stru%C4%8Dnjacima%20u%20javnom%20i%20privatnom%20sektoru%20kako%20bi%20iskoristio%20stru%C4%8Dnost%20drugih.%22%7D%2C%7B%22item_title%22%3A%22Nastaju%C4%87i%20(zdravstveni%2Fbiomed)%20istra%C5%BEiva%C4%8Dko-razvojni%20kapaciteti%20u%20sklopu%20ASA%20bolnice%20mogu%20zna%C4%8Dajno%20doprinijeti%20pobolj%C5%A1anju%20javnog%20zdravlja%2C%20ja%C4%8Danju%20op%C5%A1teg%20zdravstvenog%20sistema%20u%20BiH%2C%20promociji%20zdravlja%2C%20prevenciji%20i%20lije%C4%8Denju%20bolesti%20u%20skladu%20sa%20me%C4%91unarodnim%20zdravstvenim%20standardima%20i%20uslovima%20rada%2C%20smanjenju%20vrijeme%20%C4%8Dekanja%20na%20lije%C4%8Denje%2C%20kompletiranje%20nedostaju%C4%87ih%20ponuda%20u%20zdravstvu%20i%20cjelokupnoj%20socijalnoj%20za%C5%A1titi.%22%7D%5D&#8221;][tm_spacer size=&#8221;sm:30;lg:50&#8221;][\/vc_column][\/vc_row][vc_row full_width=&#8221;stretch_row&#8221; disable_element=&#8221;yes&#8221; background_color=&#8221;custom&#8221; custom_background_color=&#8221;#f7f7f7&#8221; lg_spacing=&#8221;padding_top:33;padding_bottom:33&#8221;][vc_column][vc_row_inner][vc_column_inner width=&#8221;1\/3&#8221;][tm_heading custom_google_font=&#8221;&#8221; google_fonts=&#8221;font_family:Montserrat%3Aregular%2C700|font_style:400%20regular%3A400%3Anormal&#8221; animation=&#8221;none&#8221; text=&#8221;Adresa&#8221; font_size=&#8221;lg:20&#8221;][tm_spacer size=&#8221;lg:29&#8221;][tm_heading tag=&#8221;div&#8221; custom_google_font=&#8221;&#8221; google_fonts=&#8221;font_family:Montserrat%3Aregular%2C700|font_style:400%20regular%3A400%3Anormal&#8221; animation=&#8221;none&#8221; text=&#8221;Ul. D\u017eemala Bijedi\u0107a br. 127<br \/>\n71000 Sarajevo, BiH&#8221;][tm_spacer size=&#8221;sm:40&#8221;][\/vc_column_inner][vc_column_inner width=&#8221;1\/3&#8221;][tm_heading custom_google_font=&#8221;&#8221; google_fonts=&#8221;font_family:Montserrat%3Aregular%2C700|font_style:400%20regular%3A400%3Anormal&#8221; align=&#8221;center&#8221; sm_align=&#8221;left&#8221; animation=&#8221;none&#8221; text=&#8221;Email adresa&#8221; font_size=&#8221;lg:20&#8221;][tm_spacer size=&#8221;lg:29&#8221;][tm_heading tag=&#8221;div&#8221; custom_google_font=&#8221;&#8221; google_fonts=&#8221;font_family:Montserrat%3Aregular%2C700|font_style:400%20regular%3A400%3Anormal&#8221; align=&#8221;center&#8221; sm_align=&#8221;left&#8221; animation=&#8221;none&#8221; text=&#8221;info@asainstitut.ba&#8221; link=&#8221;mailto:info@asainstitut.ba&#8221;][tm_spacer size=&#8221;sm:40&#8221;][\/vc_column_inner][vc_column_inner width=&#8221;1\/3&#8221;][tm_heading custom_google_font=&#8221;&#8221; google_fonts=&#8221;font_family:Montserrat%3Aregular%2C700|font_style:400%20regular%3A400%3Anormal&#8221; align=&#8221;right&#8221; sm_align=&#8221;left&#8221; animation=&#8221;none&#8221; text=&#8221;Broj telefona&#8221; font_size=&#8221;lg:20&#8221;][tm_spacer size=&#8221;lg:20&#8221;][tm_heading custom_google_font=&#8221;&#8221; google_fonts=&#8221;font_family:Montserrat%3Aregular%2C700|font_style:400%20regular%3A400%3Anormal&#8221; align=&#8221;right&#8221; sm_align=&#8221;left&#8221; text_color=&#8221;primary&#8221; animation=&#8221;none&#8221; text=&#8221;+387 33 712 222&#8221; font_size=&#8221;sm:17;md:18;lg:20&#8221; link=&#8221;tel:+38733712222&#8221;][\/vc_column_inner][\/vc_row_inner][\/vc_column][\/vc_row]<\/p>\n<\/div>","protected":false},"excerpt":{"rendered":"<p>[vc_row][vc_column][tm_heading style=&#8221;thick-separator&#8221; custom_google_font=&#8221;&#8221; google_fonts=&#8221;font_family:Montserrat%3Aregular%2C700|font_style:400%20regular%3A400%3Anormal&#8221; align=&#8221;center&#8221; text_color=&#8221;primary&#8221; animation=&#8221;none&#8221; text=&#8221;Projekti &amp; Novosti&#8221; font_size=&#8221;sm:28;md:30;lg:33&#8221;][tm_spacer size=&#8221;lg:25&#8221;][vc_basic_grid post_type=&#8221;post&#8221; max_items=&#8221;6&#8221; item=&#8221;644&#8221; grid_id=&#8221;vc_gid:1757944147279-4c259c80-a05e-3&#8221;][\/vc_column][\/vc_row][vc_row disable_element=&#8221;yes&#8221; lg_spacing=&#8221;margin_top:-70&#8221;][vc_column][tm_spacer size=&#8221;lg:25&#8221;][tm_button style=&#8221;modern&#8221; size=&#8221;custom&#8221; button=&#8221;url:https%3A%2F%2Fasainstitut.ba%2Fbs%2Fo-asa-institutu%2F|title:Vi%C5%A1e%20o%20nama&#8221; align=&#8221;center&#8221; color=&#8221;custom&#8221; button_bg_color=&#8221;custom&#8221; font_color=&#8221;secondary&#8221; button_border_color=&#8221;custom&#8221; button_icon_color=&#8221;&#8221; button_bg_color_hover=&#8221;secondary&#8221; font_color_hover=&#8221;custom&#8221; button_border_color_hover=&#8221;secondary&#8221; button_icon_color_hover=&#8221;&#8221; width=&#8221;184&#8221; border_width=&#8221;2&#8221; custom_button_bg_color=&#8221;#ffffff&#8221; custom_button_border_color=&#8221;#eeeeee&#8221; custom_font_color_hover=&#8221;#ffffff&#8221; height=&#8221;70&#8221;][tm_spacer size=&#8221;lg:25&#8221;][\/vc_column][\/vc_row][vc_row full_width=&#8221;stretch_row_content&#8221; equal_height=&#8221;yes&#8221; background_color=&#8221;secondary&#8221; lg_spacing=&#8221;margin_top:36&#8221; el_id=&#8221;concept&#8221;][vc_column width=&#8221;1\/2&#8221; background_image=&#8221;826&#8221;][tm_spacer size=&#8221;lg:400&#8221;][\/vc_column][vc_column width=&#8221;1\/2&#8221; max_width=&#8221;100%&#8221; lg_spacing=&#8221;padding_right:25;padding_left:25&#8221;][tm_spacer size=&#8221;sm:30;lg:50&#8221;][tm_heading custom_google_font=&#8221;&#8221; google_fonts=&#8221;font_family:Montserrat%3Aregular%2C700|font_style:400%20regular%3A400%3Anormal&#8221; text_color=&#8221;custom&#8221; custom_text_color=&#8221;#ffffff&#8221; animation=&#8221;none&#8221; text=&#8221;Koncept ASA Instituta&#8221; font_size=&#8221;sm:28;md:30;lg:33&#8221;][tm_spacer size=&#8221;lg:40&#8221;][tm_list list_style=&#8221;check&#8221; title_color=&#8221;custom&#8221; custom_title_color=&#8221;rgba(255,255,255,0.75)&#8221; animation=&#8221;none&#8221; columns=&#8221;xs:1;lg:1&#8221; items=&#8221;%5B%7B%22item_title%22%3A%22Klju%C4%8Dni%20koncept%20ASA%20Instituta%20je%20da%20slu%C5%BEi%20kao%20glavna%20istra%C5%BEiva%C4%8Dka%20i%20razvojna%20ustanova%20u%20ASA%20bolnici%20i%20za%20cijelu%20ASA%20grupaciju.%22%7D%2C%7B%22item_title%22%3A%22Objekat%20je%20dizajniran%20da%20spozna%20novu%20kulturu%20istra%C5%BEivanja%20i%20razvoja%2C%20sa%20karakteristikama%20koje%20olak%C5%A1avaju%20me%C4%91uodjelsku%20komunikaciju%20izme%C4%91u%20istra%C5%BEiva%C4%8Da%2C%20lije%C4%8Dnika%20i%20poduzetnika.%20Institut%20je%20dizajniran%20za%20sveobuhvatno%20istra%C5%BEivanje%2C%20razvoj%2C%20tehnologiju%20i%20preduzetni%C5%A1tvo.%20Kada%20je%20to%20prikladno%2C%20RDC%20sara%C4%91uje%20sa%20relevantnim%20stru%C4%8Dnjacima%20u%20javnom%20i%20privatnom%20sektoru%20kako%20bi%20iskoristio%20stru%C4%8Dnost%20drugih.%22%7D%2C%7B%22item_title%22%3A%22Nastaju%C4%87i%20(zdravstveni%2Fbiomed)%20istra%C5%BEiva%C4%8Dko-razvojni%20kapaciteti%20u%20sklopu%20ASA%20bolnice%20mogu%20zna%C4%8Dajno%20doprinijeti%20pobolj%C5%A1anju%20javnog%20zdravlja%2C%20ja%C4%8Danju%20op%C5%A1teg%20zdravstvenog%20sistema%20u%20BiH%2C%20promociji%20zdravlja%2C%20prevenciji%20i%20lije%C4%8Denju%20bolesti%20u%20skladu%20sa%20me%C4%91unarodnim%20zdravstvenim%20standardima%20i%20uslovima%20rada%2C%20smanjenju%20vrijeme%20%C4%8Dekanja%20na%20lije%C4%8Denje%2C%20kompletiranje%20nedostaju%C4%87ih%20ponuda%20u%20zdravstvu%20i%20cjelokupnoj%20socijalnoj%20za%C5%A1titi.%22%7D%5D&#8221;][tm_spacer size=&#8221;sm:30;lg:50&#8221;][\/vc_column][\/vc_row][vc_row full_width=&#8221;stretch_row&#8221; disable_element=&#8221;yes&#8221; background_color=&#8221;custom&#8221; custom_background_color=&#8221;#f7f7f7&#8221; lg_spacing=&#8221;padding_top:33;padding_bottom:33&#8221;][vc_column][vc_row_inner][vc_column_inner width=&#8221;1\/3&#8221;][tm_heading custom_google_font=&#8221;&#8221; google_fonts=&#8221;font_family:Montserrat%3Aregular%2C700|font_style:400%20regular%3A400%3Anormal&#8221; animation=&#8221;none&#8221; text=&#8221;Adresa&#8221; font_size=&#8221;lg:20&#8221;][tm_spacer size=&#8221;lg:29&#8221;][tm_heading tag=&#8221;div&#8221; custom_google_font=&#8221;&#8221; google_fonts=&#8221;font_family:Montserrat%3Aregular%2C700|font_style:400%20regular%3A400%3Anormal&#8221; animation=&#8221;none&#8221; text=&#8221;Ul. D\u017eemala Bijedi\u0107a br. 127 71000 Sarajevo, BiH&#8221;][tm_spacer size=&#8221;sm:40&#8221;][\/vc_column_inner][vc_column_inner width=&#8221;1\/3&#8221;][tm_heading custom_google_font=&#8221;&#8221; google_fonts=&#8221;font_family:Montserrat%3Aregular%2C700|font_style:400%20regular%3A400%3Anormal&#8221; align=&#8221;center&#8221; sm_align=&#8221;left&#8221; animation=&#8221;none&#8221; text=&#8221;Email adresa&#8221; font_size=&#8221;lg:20&#8221;][tm_spacer size=&#8221;lg:29&#8221;][tm_heading tag=&#8221;div&#8221; custom_google_font=&#8221;&#8221; google_fonts=&#8221;font_family:Montserrat%3Aregular%2C700|font_style:400%20regular%3A400%3Anormal&#8221; align=&#8221;center&#8221; sm_align=&#8221;left&#8221; animation=&#8221;none&#8221; text=&#8221;info@asainstitut.ba&#8221; link=&#8221;mailto:info@asainstitut.ba&#8221;][tm_spacer size=&#8221;sm:40&#8221;][\/vc_column_inner][vc_column_inner width=&#8221;1\/3&#8221;][tm_heading custom_google_font=&#8221;&#8221; google_fonts=&#8221;font_family:Montserrat%3Aregular%2C700|font_style:400%20regular%3A400%3Anormal&#8221; align=&#8221;right&#8221; sm_align=&#8221;left&#8221; animation=&#8221;none&#8221; text=&#8221;Broj telefona&#8221; font_size=&#8221;lg:20&#8221;][tm_spacer size=&#8221;lg:20&#8221;][tm_heading custom_google_font=&#8221;&#8221; google_fonts=&#8221;font_family:Montserrat%3Aregular%2C700|font_style:400%20regular%3A400%3Anormal&#8221; align=&#8221;right&#8221; sm_align=&#8221;left&#8221; text_color=&#8221;primary&#8221; animation=&#8221;none&#8221; text=&#8221;+387 33 712 222&#8221; font_size=&#8221;sm:17;md:18;lg:20&#8221; link=&#8221;tel:+38733712222&#8221;][\/vc_column_inner][\/vc_row_inner][\/vc_column][\/vc_row]<\/p>\n","protected":false},"author":1,"featured_media":413,"parent":0,"menu_order":0,"comment_status":"closed","ping_status":"closed","template":"","meta":{"footnotes":""},"class_list":["post-175","page","type-page","status-publish","has-post-thumbnail","hentry"],"yoast_head":"<!-- This site is optimized with the Yoast SEO plugin v27.3 - https:\/\/yoast.com\/product\/yoast-seo-wordpress\/ -->\n<title>ASA Institut: Istra\u017eivanje - Razvoj - Inovacija<\/title>\n<meta name=\"description\" content=\"ASA Institut okuplja pacijente, klini\u010dare, istra\u017eiva\u010de, industriju i vlasti.\" \/>\n<meta name=\"robots\" content=\"index, follow, max-snippet:-1, max-image-preview:large, max-video-preview:-1\" \/>\n<link rel=\"canonical\" href=\"https:\/\/asainstitut.ba\/bs\/\" \/>\n<meta property=\"og:locale\" content=\"bs_BA\" \/>\n<meta property=\"og:type\" content=\"article\" \/>\n<meta property=\"og:title\" content=\"ASA Institut: Istra\u017eivanje - Razvoj - Inovacija\" \/>\n<meta property=\"og:description\" content=\"ASA Institut okuplja pacijente, klini\u010dare, istra\u017eiva\u010de, industriju i vlasti.\" \/>\n<meta property=\"og:url\" content=\"https:\/\/asainstitut.ba\/bs\/\" \/>\n<meta property=\"og:site_name\" content=\"ASA Institute\" \/>\n<meta property=\"article:modified_time\" content=\"2025-09-15T13:49:30+00:00\" \/>\n<meta property=\"og:image\" content=\"https:\/\/asainstitut.ba\/wp-content\/uploads\/2023\/06\/ASA-Institute-Sarajevo-BiH.jpg\" \/>\n\t<meta property=\"og:image:width\" content=\"1024\" \/>\n\t<meta property=\"og:image:height\" content=\"576\" \/>\n\t<meta property=\"og:image:type\" content=\"image\/jpeg\" \/>\n<meta name=\"twitter:card\" content=\"summary_large_image\" \/>\n<meta name=\"twitter:image\" content=\"https:\/\/asainstitut.ba\/wp-content\/uploads\/2023\/06\/ASA-Institute-Sarajevo-BiH.jpg\" \/>\n<meta name=\"twitter:label1\" content=\"Est. reading time\" \/>\n\t<meta name=\"twitter:data1\" content=\"1 minuta\" \/>\n<script type=\"application\/ld+json\" class=\"yoast-schema-graph\">{\"@context\":\"https:\\\/\\\/schema.org\",\"@graph\":[{\"@type\":\"WebPage\",\"@id\":\"https:\\\/\\\/asainstitut.ba\\\/bs\\\/\",\"url\":\"https:\\\/\\\/asainstitut.ba\\\/bs\\\/\",\"name\":\"ASA Institut: Istra\u017eivanje - Razvoj - Inovacija\",\"isPartOf\":{\"@id\":\"https:\\\/\\\/asainstitut.ba\\\/#website\"},\"primaryImageOfPage\":{\"@id\":\"https:\\\/\\\/asainstitut.ba\\\/bs\\\/#primaryimage\"},\"image\":{\"@id\":\"https:\\\/\\\/asainstitut.ba\\\/bs\\\/#primaryimage\"},\"thumbnailUrl\":\"https:\\\/\\\/asainstitut.ba\\\/wp-content\\\/uploads\\\/2024\\\/12\\\/ASA-Institut-Sarajevo-3.jpg\",\"datePublished\":\"2023-06-22T21:18:35+00:00\",\"dateModified\":\"2025-09-15T13:49:30+00:00\",\"description\":\"ASA Institut okuplja pacijente, klini\u010dare, istra\u017eiva\u010de, industriju i vlasti.\",\"breadcrumb\":{\"@id\":\"https:\\\/\\\/asainstitut.ba\\\/bs\\\/#breadcrumb\"},\"inLanguage\":\"bs-BA\",\"potentialAction\":[{\"@type\":\"ReadAction\",\"target\":[\"https:\\\/\\\/asainstitut.ba\\\/bs\\\/\"]}]},{\"@type\":\"ImageObject\",\"inLanguage\":\"bs-BA\",\"@id\":\"https:\\\/\\\/asainstitut.ba\\\/bs\\\/#primaryimage\",\"url\":\"https:\\\/\\\/asainstitut.ba\\\/wp-content\\\/uploads\\\/2024\\\/12\\\/ASA-Institut-Sarajevo-3.jpg\",\"contentUrl\":\"https:\\\/\\\/asainstitut.ba\\\/wp-content\\\/uploads\\\/2024\\\/12\\\/ASA-Institut-Sarajevo-3.jpg\",\"width\":1024,\"height\":576,\"caption\":\"ASA Institut - Sarajevo-3\"},{\"@type\":\"BreadcrumbList\",\"@id\":\"https:\\\/\\\/asainstitut.ba\\\/bs\\\/#breadcrumb\",\"itemListElement\":[{\"@type\":\"ListItem\",\"position\":1,\"name\":\"Home\",\"item\":\"https:\\\/\\\/asainstitut.ba\\\/bs\\\/\"},{\"@type\":\"ListItem\",\"position\":2,\"name\":\"ASA Institut: Istra\u017eivanje &#8211; Razvoj &#8211; Inovacija\"}]},{\"@type\":\"WebSite\",\"@id\":\"https:\\\/\\\/asainstitut.ba\\\/#website\",\"url\":\"https:\\\/\\\/asainstitut.ba\\\/\",\"name\":\"ASA Institute\",\"description\":\"Sarajevo, BiH\",\"potentialAction\":[{\"@type\":\"SearchAction\",\"target\":{\"@type\":\"EntryPoint\",\"urlTemplate\":\"https:\\\/\\\/asainstitut.ba\\\/?s={search_term_string}\"},\"query-input\":{\"@type\":\"PropertyValueSpecification\",\"valueRequired\":true,\"valueName\":\"search_term_string\"}}],\"inLanguage\":\"bs-BA\"}]}<\/script>\n<!-- \/ Yoast SEO plugin. -->","yoast_head_json":{"title":"ASA Institut: Istra\u017eivanje - Razvoj - Inovacija","description":"ASA Institut okuplja pacijente, klini\u010dare, istra\u017eiva\u010de, industriju i vlasti.","robots":{"index":"index","follow":"follow","max-snippet":"max-snippet:-1","max-image-preview":"max-image-preview:large","max-video-preview":"max-video-preview:-1"},"canonical":"https:\/\/asainstitut.ba\/bs\/","og_locale":"bs_BA","og_type":"article","og_title":"ASA Institut: Istra\u017eivanje - Razvoj - Inovacija","og_description":"ASA Institut okuplja pacijente, klini\u010dare, istra\u017eiva\u010de, industriju i vlasti.","og_url":"https:\/\/asainstitut.ba\/bs\/","og_site_name":"ASA Institute","article_modified_time":"2025-09-15T13:49:30+00:00","og_image":[{"width":1024,"height":576,"url":"https:\/\/asainstitut.ba\/wp-content\/uploads\/2023\/06\/ASA-Institute-Sarajevo-BiH.jpg","type":"image\/jpeg"}],"twitter_card":"summary_large_image","twitter_image":"https:\/\/asainstitut.ba\/wp-content\/uploads\/2023\/06\/ASA-Institute-Sarajevo-BiH.jpg","twitter_misc":{"Est. reading time":"1 minuta"},"schema":{"@context":"https:\/\/schema.org","@graph":[{"@type":"WebPage","@id":"https:\/\/asainstitut.ba\/bs\/","url":"https:\/\/asainstitut.ba\/bs\/","name":"ASA Institut: Istra\u017eivanje - Razvoj - Inovacija","isPartOf":{"@id":"https:\/\/asainstitut.ba\/#website"},"primaryImageOfPage":{"@id":"https:\/\/asainstitut.ba\/bs\/#primaryimage"},"image":{"@id":"https:\/\/asainstitut.ba\/bs\/#primaryimage"},"thumbnailUrl":"https:\/\/asainstitut.ba\/wp-content\/uploads\/2024\/12\/ASA-Institut-Sarajevo-3.jpg","datePublished":"2023-06-22T21:18:35+00:00","dateModified":"2025-09-15T13:49:30+00:00","description":"ASA Institut okuplja pacijente, klini\u010dare, istra\u017eiva\u010de, industriju i vlasti.","breadcrumb":{"@id":"https:\/\/asainstitut.ba\/bs\/#breadcrumb"},"inLanguage":"bs-BA","potentialAction":[{"@type":"ReadAction","target":["https:\/\/asainstitut.ba\/bs\/"]}]},{"@type":"ImageObject","inLanguage":"bs-BA","@id":"https:\/\/asainstitut.ba\/bs\/#primaryimage","url":"https:\/\/asainstitut.ba\/wp-content\/uploads\/2024\/12\/ASA-Institut-Sarajevo-3.jpg","contentUrl":"https:\/\/asainstitut.ba\/wp-content\/uploads\/2024\/12\/ASA-Institut-Sarajevo-3.jpg","width":1024,"height":576,"caption":"ASA Institut - Sarajevo-3"},{"@type":"BreadcrumbList","@id":"https:\/\/asainstitut.ba\/bs\/#breadcrumb","itemListElement":[{"@type":"ListItem","position":1,"name":"Home","item":"https:\/\/asainstitut.ba\/bs\/"},{"@type":"ListItem","position":2,"name":"ASA Institut: Istra\u017eivanje &#8211; Razvoj &#8211; Inovacija"}]},{"@type":"WebSite","@id":"https:\/\/asainstitut.ba\/#website","url":"https:\/\/asainstitut.ba\/","name":"ASA Institute","description":"Sarajevo, BiH","potentialAction":[{"@type":"SearchAction","target":{"@type":"EntryPoint","urlTemplate":"https:\/\/asainstitut.ba\/?s={search_term_string}"},"query-input":{"@type":"PropertyValueSpecification","valueRequired":true,"valueName":"search_term_string"}}],"inLanguage":"bs-BA"}]}},"_links":{"self":[{"href":"https:\/\/asainstitut.ba\/bs\/wp-json\/wp\/v2\/pages\/175","targetHints":{"allow":["GET"]}}],"collection":[{"href":"https:\/\/asainstitut.ba\/bs\/wp-json\/wp\/v2\/pages"}],"about":[{"href":"https:\/\/asainstitut.ba\/bs\/wp-json\/wp\/v2\/types\/page"}],"author":[{"embeddable":true,"href":"https:\/\/asainstitut.ba\/bs\/wp-json\/wp\/v2\/users\/1"}],"replies":[{"embeddable":true,"href":"https:\/\/asainstitut.ba\/bs\/wp-json\/wp\/v2\/comments?post=175"}],"version-history":[{"count":22,"href":"https:\/\/asainstitut.ba\/bs\/wp-json\/wp\/v2\/pages\/175\/revisions"}],"predecessor-version":[{"id":828,"href":"https:\/\/asainstitut.ba\/bs\/wp-json\/wp\/v2\/pages\/175\/revisions\/828"}],"wp:featuredmedia":[{"embeddable":true,"href":"https:\/\/asainstitut.ba\/bs\/wp-json\/wp\/v2\/media\/413"}],"wp:attachment":[{"href":"https:\/\/asainstitut.ba\/bs\/wp-json\/wp\/v2\/media?parent=175"}],"curies":[{"name":"wp","href":"https:\/\/api.w.org\/{rel}","templated":true}]}}